{"id":12,"date":"2015-04-16T07:31:29","date_gmt":"2015-04-16T07:31:29","guid":{"rendered":"http:\/\/www.pemac-dessau.de\/wordpress\/?page_id=12"},"modified":"2017-04-12T14:22:03","modified_gmt":"2017-04-12T14:22:03","slug":"oft-gestellte-fragen","status":"publish","type":"page","link":"https:\/\/www.pemac-dessau.de\/wordpress\/?page_id=12","title":{"rendered":"Oft gestellte Fragen"},"content":{"rendered":"<p><a href=\"http:\/\/www.pemac-dessau.de\/wordpress\/wp-content\/uploads\/2015\/04\/NEUES-A\u00dcG-ab-1.pdf\">NEUES A\u00dcG ab 1<\/a><\/p>\n<p>&nbsp;<\/p>\n<p><strong>Wer wird mein Arbeitgeber?<\/strong><\/p>\n<ul>\n<li>Ihr Arbeitgeber wird die PEMAC GmbH. Damit \u00fcbernehmen wir alle Arbeitgeberleistungen und -pflichten. Von uns erhalten Sie Ihre Bez\u00fcge und sozialen Leistungen.<\/li>\n<\/ul>\n<p><strong>Wonach richtet sich mein Gehalt?<\/strong><\/p>\n<ul>\n<li>Ihr monatliches Einkommen ist von unterschiedlichen Faktoren abh\u00e4ngig. Grunds\u00e4tzlich werden Sie nach dem <a class=\" link\" title=\"Link zum Entgelttarifvertrag der iGZ\" href=\"http:\/\/www.ig-zeitarbeit.de\/node\/21\" target=\"_blank\">Entgelttarifvertrag des iGZ<\/a> entlohnt. Zudem spielen Ihr Qualifikationsprofil, der Einsatzort und die erbrachten Arbeitsstunden eine Rolle.<\/li>\n<\/ul>\n<p><strong>Darf die Firma, bei der ich arbeite, mich \u00fcbernehmen?<\/strong><\/p>\n<ul>\n<li>Ja, das ist grunds\u00e4tzlich jederzeit m\u00f6glich. Nach statistischen Erhebungen wirkt dieser \u201eKlebeeffekt\u201c \u00fcbrigens bei jedem dritten Mitarbeiter<\/li>\n<\/ul>\n<p><strong>Was ist, wenn die PEMAC keine Arbeit f\u00fcr mich hat?<\/strong><\/p>\n<ul>\n<li>In der Regel l\u00f6st ein Arbeitseinsatz den anderen ab. Sollte wir einmal keine Besetzung f\u00fcr Sie haben, erhalten Sie die vereinbarte Verg\u00fctung selbstverst\u00e4ndlich weiter. So ist es auch gesetzlich geregelt.<\/li>\n<\/ul>\n<p><strong>Was passiert bei Krankheit?<\/strong><\/p>\n<ul>\n<li>Die Entgeltfortzahlung ist f\u00fcr Zeitarbeitsfirmen genauso wie f\u00fcr alle anderen Unternehmen durch das Entgeltfortzahlungsgesetz gesetzlich geregelt. Daf\u00fcr haben Sie, wie auch in jedem anderen Unternehmen, bei uns die Pflicht, uns von Ihrer Arbeitsunf\u00e4higkeit unverz\u00fcglich zu informieren und den Krankenschein einzureichen.<\/li>\n<\/ul>\n<p><strong>Habe ich Anspruch auf Urlaub?<\/strong><\/p>\n<ul>\n<li>Ja, nat\u00fcrlich. Der Urlaubsanspruch entspricht den gesetzlichen Regelungen laut <a class=\" link\" title=\"Link zum dazugeh\u00f6rigen Wikipedia-Eintrag\" href=\"http:\/\/de.wikipedia.org\/wiki\/Bundesurlaubsgesetz\" target=\"_blank\">iGZ<\/a><a class=\" link\" title=\"Link zum entsprechenden Wikipedia-Eintrag\" href=\"http:\/\/de.wikipedia.org\/wiki\/Bundesurlaubsgesetz\" target=\"_parent\">.<\/a><\/li>\n<\/ul>\n","protected":false},"excerpt":{"rendered":"<p>NEUES A\u00dcG ab 1 &nbsp; Wer wird mein Arbeitgeber? Ihr Arbeitgeber wird die PEMAC GmbH. Damit \u00fcbernehmen wir alle Arbeitgeberleistungen und -pflichten. Von uns erhalten Sie Ihre Bez\u00fcge und sozialen Leistungen. Wonach richtet sich mein Gehalt? Ihr monatliches Einkommen ist von unterschiedlichen Faktoren abh\u00e4ngig. Grunds\u00e4tzlich werden Sie nach dem Entgelttarifvertrag des iGZ entlohnt. Zudem spielen [&hellip;]<\/p>\n","protected":false},"author":1,"featured_media":0,"parent":0,"menu_order":0,"comment_status":"closed","ping_status":"open","template":"","meta":{"footnotes":""},"class_list":["post-12","page","type-page","status-publish","hentry"],"_links":{"self":[{"href":"https:\/\/www.pemac-dessau.de\/wordpress\/index.php?rest_route=\/wp\/v2\/pages\/12","targetHints":{"allow":["GET"]}}],"collection":[{"href":"https:\/\/www.pemac-dessau.de\/wordpress\/index.php?rest_route=\/wp\/v2\/pages"}],"about":[{"href":"https:\/\/www.pemac-dessau.de\/wordpress\/index.php?rest_route=\/wp\/v2\/types\/page"}],"author":[{"embeddable":true,"href":"https:\/\/www.pemac-dessau.de\/wordpress\/index.php?rest_route=\/wp\/v2\/users\/1"}],"replies":[{"embeddable":true,"href":"https:\/\/www.pemac-dessau.de\/wordpress\/index.php?rest_route=%2Fwp%2Fv2%2Fcomments&post=12"}],"version-history":[{"count":4,"href":"https:\/\/www.pemac-dessau.de\/wordpress\/index.php?rest_route=\/wp\/v2\/pages\/12\/revisions"}],"predecessor-version":[{"id":439,"href":"https:\/\/www.pemac-dessau.de\/wordpress\/index.php?rest_route=\/wp\/v2\/pages\/12\/revisions\/439"}],"wp:attachment":[{"href":"https:\/\/www.pemac-dessau.de\/wordpress\/index.php?rest_route=%2Fwp%2Fv2%2Fmedia&parent=12"}],"curies":[{"name":"wp","href":"https:\/\/api.w.org\/{rel}","templated":true}]}}