{"id":15,"date":"2015-04-16T07:32:08","date_gmt":"2015-04-16T07:32:08","guid":{"rendered":"http:\/\/www.pemac-dessau.de\/wordpress\/?page_id=15"},"modified":"2017-01-19T13:26:25","modified_gmt":"2017-01-19T13:26:25","slug":"ihr-profil","status":"publish","type":"page","link":"https:\/\/www.pemac-dessau.de\/wordpress\/?page_id=15","title":{"rendered":"Ihr Profil"},"content":{"rendered":"<p>Wir suchen st\u00e4ndig motivierte Bewerber <strong>und<\/strong> Bewerberinnen in folgenden Bereichen:<\/p>\n<p>gewerblich:<\/p>\n<ul>\n<li>Schienenfahrzeugbau und -instandhaltung<\/li>\n<li>Stahl- und Metallbau, Konstruktionstechnik, Rohrleitungs- und Anlagenbau<\/li>\n<li>Schwei\u00dfer<\/li>\n<li>Elektro<\/li>\n<li>Industrielackierer, KFZ-Lackierer<\/li>\n<li>Heizung \/ Sanit\u00e4r, Gas-, Wasser-, Klimatechnik<\/li>\n<li>Tischler; Dreher\/ Fr\u00e4ser\u00a0 NC\/CNC<\/li>\n<li>Einschaler, Betonwerker<\/li>\n<li>Chemie<\/li>\n<\/ul>\n<p>kaufm\u00e4nnisch:<\/p>\n<ul>\n<li>B\u00fcrokr\u00e4fte<\/li>\n<li>Sozialversicherungsangestellte\/ Kaufmann\/-frau im Gesundheitswesen, Dokumentationsassistenten<\/li>\n<li>Medizinisches- und Pflegepersonal<\/li>\n<\/ul>\n<p>&nbsp;<\/p>\n<h3>Ausschlaggebend sind ihre F\u00e4higkeiten<\/h3>\n<p>Ihr Status spielt f\u00fcr uns eine untergeordnete Rolle. Zeitarbeit ist ideal f\u00fcr jung und alt. Grundvoraussetzung ist jedoch ein Ma\u00df an <strong>Flexibilit\u00e4t, Mobilit\u00e4t und Anpassungsf\u00e4higkeit<\/strong>. Unser Angebot spricht demnach ganz unterschiedliche Gruppen an:<\/p>\n<ul>\n<li>Arbeitssuchende<\/li>\n<li>Berufsanf\u00e4nger<\/li>\n<li>\u00c4ltere Arbeitsuchende<\/li>\n<li>Wiedereinsteiger nach l\u00e4ngerer Berufspause<\/li>\n<li>M\u00fctter (und V\u00e4ter) nach der Babypause<\/li>\n<\/ul>\n","protected":false},"excerpt":{"rendered":"<p>Wir suchen st\u00e4ndig motivierte Bewerber und Bewerberinnen in folgenden Bereichen: gewerblich: Schienenfahrzeugbau und -instandhaltung Stahl- und Metallbau, Konstruktionstechnik, Rohrleitungs- und Anlagenbau Schwei\u00dfer Elektro Industrielackierer, KFZ-Lackierer Heizung \/ Sanit\u00e4r, Gas-, Wasser-, Klimatechnik Tischler; Dreher\/ Fr\u00e4ser\u00a0 NC\/CNC Einschaler, Betonwerker Chemie kaufm\u00e4nnisch: B\u00fcrokr\u00e4fte Sozialversicherungsangestellte\/ Kaufmann\/-frau im Gesundheitswesen, Dokumentationsassistenten Medizinisches- und Pflegepersonal &nbsp; Ausschlaggebend sind ihre F\u00e4higkeiten Ihr Status [&hellip;]<\/p>\n","protected":false},"author":1,"featured_media":0,"parent":0,"menu_order":0,"comment_status":"closed","ping_status":"open","template":"","meta":{"footnotes":""},"_links":{"self":[{"href":"https:\/\/www.pemac-dessau.de\/wordpress\/index.php?rest_route=\/wp\/v2\/pages\/15"}],"collection":[{"href":"https:\/\/www.pemac-dessau.de\/wordpress\/index.php?rest_route=\/wp\/v2\/pages"}],"about":[{"href":"https:\/\/www.pemac-dessau.de\/wordpress\/index.php?rest_route=\/wp\/v2\/types\/page"}],"author":[{"embeddable":true,"href":"https:\/\/www.pemac-dessau.de\/wordpress\/index.php?rest_route=\/wp\/v2\/users\/1"}],"replies":[{"embeddable":true,"href":"https:\/\/www.pemac-dessau.de\/wordpress\/index.php?rest_route=%2Fwp%2Fv2%2Fcomments&post=15"}],"version-history":[{"count":4,"href":"https:\/\/www.pemac-dessau.de\/wordpress\/index.php?rest_route=\/wp\/v2\/pages\/15\/revisions"}],"predecessor-version":[{"id":400,"href":"https:\/\/www.pemac-dessau.de\/wordpress\/index.php?rest_route=\/wp\/v2\/pages\/15\/revisions\/400"}],"wp:attachment":[{"href":"https:\/\/www.pemac-dessau.de\/wordpress\/index.php?rest_route=%2Fwp%2Fv2%2Fmedia&parent=15"}],"curies":[{"name":"wp","href":"https:\/\/api.w.org\/{rel}","templated":true}]}}