{"id":22,"date":"2015-04-16T07:41:46","date_gmt":"2015-04-16T07:41:46","guid":{"rendered":"http:\/\/www.pemac-dessau.de\/wordpress\/?page_id=22"},"modified":"2016-02-24T13:37:56","modified_gmt":"2016-02-24T13:37:56","slug":"serviceleistungen","status":"publish","type":"page","link":"https:\/\/www.pemac-dessau.de\/wordpress\/?page_id=22","title":{"rendered":"Serviceleistungen"},"content":{"rendered":"<p>Zu unserem Hauptgesch\u00e4ft z\u00e4hlt die ARBEITNEHMER\u00dcBERLASSUNG. Wir bringen Arbeitnehmer durch das Zusammenf\u00fchren mit Unternehmen in Besch\u00e4ftigung.<\/p>\n<p><strong>Zeitarbeit<\/strong> &#8211; auch Arbeitnehmer\u00fcberlassung genannt &#8211; spielt sich innerhalb des Dreicks Unternehmen, Zeitarbeitnehmer und der PEMAC als Personaldienstleister ab. Das <a class=\" link\" title=\"Mehr Informationen auf der Seite des Bundesministerium f\u00fcr Justiz\" href=\"http:\/\/www.gesetze-im-internet.de\/a_g\/index.html\" target=\"_self\">Arbeitnehmer\u00fcberlassungsgesetz (A\u00dcG)<\/a> regelt die Beziehungen zwischen den drei Parteien (Grafik), mit folgenden Rollenverteilungen:<\/p>\n<p>Der <strong>Zeitarbeitnehmer<\/strong> ist bei der PEMAC festangestellt und wird \u00fcberbetrieblich als externe Arbeitskraft in einem <strong>Unternehmen<\/strong> eingesetzt.\u00a0 Die zu verrichtende T\u00e4tigkeit findet im Unternehmen statt und wird generell von diesem vorgegeben. Die <strong>PEMAC<\/strong> tritt als zus\u00e4tzlicher Betreuer des Zeitarbeitnehmers und Disponent auf.<\/p>\n<p>Als <strong>Zeitarbeitsunternehmen<\/strong> besitzen wir einen vollwertigen Arbeitgeberstatus. Damit werden alle arbeits-, arbeitschutz- und sozialversicherungsrechtlichen Normen ber\u00fccksichtigt.<\/p>\n<p>Dar\u00fcber hinaus bieten wir einen noch umfassenderen Service. An dieser Stelle erfolgt eine kurze Beschreibung weiterer Dienstleistungsbereiche: <a class=\" link\" href=\"http:\/\/www.pemac-dessau.de\/unternehmen\/serviceleistungen.html#1\"><strong>\u00a0<\/strong><\/a><\/p>\n<p><a class=\" link\" href=\"http:\/\/www.pemac-dessau.de\/unternehmen\/serviceleistungen.html#1\"><strong>Outsourcing<\/strong><\/a><\/p>\n<p>Outsourcing beschreibt die Auslagerung von Dienstleistungen, die urspr\u00fcnglich firmenintern erbracht wurden, an Dritte.<\/p>\n<p>In der Praxis werden bestimmte Arbeitsreiche im Unternehmen ausgegliedert. Der Auftraggeber stellt daraufhin die ben\u00f6tigten Ressourcen zur Verf\u00fcgung.<\/p>\n<p>Die PEMAC akquiriert das Personal. Wir k\u00fcmmern uns um einen reibungslosen Ablauf und der Organisation des ausgegliederten Bereiches.<\/p>\n<p><strong><a class=\" link\" href=\"http:\/\/www.pemac-dessau.de\/unternehmen\/serviceleistungen.html#2\"><strong>On-Site Management<\/strong><\/a><\/strong><\/p>\n<p>On-Site-Management beinhaltet das Rekrutieren \u201epassgenauer Arbeitnehmer\u201c und deren Vermittlung an \u201efreie\u201c Unternehmen, sowie Betreuung vor Ort.<\/p>\n<p>Durch eine konsequente Betreuung unserer Kunden direkt vor Ort erfolgt eine m\u00fchelose Disposition aller Zeitarbeitnehmer im Unternehmen.<\/p>\n<p>Die Personaleinstellung erfolgt in enger Absprache mit Bewerber und Unternehmen. Dadurch entfallen Ausgaben f\u00fcr administrative Aufwendungen. Zugleich werden Kosten f\u00fcr Personal und Verwaltung eingespart.<\/p>\n","protected":false},"excerpt":{"rendered":"<p>Zu unserem Hauptgesch\u00e4ft z\u00e4hlt die ARBEITNEHMER\u00dcBERLASSUNG. Wir bringen Arbeitnehmer durch das Zusammenf\u00fchren mit Unternehmen in Besch\u00e4ftigung. Zeitarbeit &#8211; auch Arbeitnehmer\u00fcberlassung genannt &#8211; spielt sich innerhalb des Dreicks Unternehmen, Zeitarbeitnehmer und der PEMAC als Personaldienstleister ab. Das Arbeitnehmer\u00fcberlassungsgesetz (A\u00dcG) regelt die Beziehungen zwischen den drei Parteien (Grafik), mit folgenden Rollenverteilungen: Der Zeitarbeitnehmer ist bei der PEMAC [&hellip;]<\/p>\n","protected":false},"author":1,"featured_media":0,"parent":0,"menu_order":0,"comment_status":"closed","ping_status":"open","template":"","meta":{"footnotes":""},"class_list":["post-22","page","type-page","status-publish","hentry"],"_links":{"self":[{"href":"https:\/\/www.pemac-dessau.de\/wordpress\/index.php?rest_route=\/wp\/v2\/pages\/22","targetHints":{"allow":["GET"]}}],"collection":[{"href":"https:\/\/www.pemac-dessau.de\/wordpress\/index.php?rest_route=\/wp\/v2\/pages"}],"about":[{"href":"https:\/\/www.pemac-dessau.de\/wordpress\/index.php?rest_route=\/wp\/v2\/types\/page"}],"author":[{"embeddable":true,"href":"https:\/\/www.pemac-dessau.de\/wordpress\/index.php?rest_route=\/wp\/v2\/users\/1"}],"replies":[{"embeddable":true,"href":"https:\/\/www.pemac-dessau.de\/wordpress\/index.php?rest_route=%2Fwp%2Fv2%2Fcomments&post=22"}],"version-history":[{"count":2,"href":"https:\/\/www.pemac-dessau.de\/wordpress\/index.php?rest_route=\/wp\/v2\/pages\/22\/revisions"}],"predecessor-version":[{"id":252,"href":"https:\/\/www.pemac-dessau.de\/wordpress\/index.php?rest_route=\/wp\/v2\/pages\/22\/revisions\/252"}],"wp:attachment":[{"href":"https:\/\/www.pemac-dessau.de\/wordpress\/index.php?rest_route=%2Fwp%2Fv2%2Fmedia&parent=22"}],"curies":[{"name":"wp","href":"https:\/\/api.w.org\/{rel}","templated":true}]}}