{"id":25,"date":"2015-04-16T07:42:04","date_gmt":"2015-04-16T07:42:04","guid":{"rendered":"http:\/\/www.pemac-dessau.de\/wordpress\/?page_id=25"},"modified":"2023-08-31T09:18:59","modified_gmt":"2023-08-31T09:18:59","slug":"branchen","status":"publish","type":"page","link":"https:\/\/www.pemac-dessau.de\/wordpress\/?page_id=25","title":{"rendered":"Branchen"},"content":{"rendered":"<p>Wir m\u00f6chten unseren Kunden einen ganz besonderen Service bieten. Dies gelingt nur, wenn man Fachmann in seinem Metier ist.<\/p>\n<p>Uns ist eine konkrete Absprache \u00fcber zu verrichtende T\u00e4tigkeiten sehr wichtig, um Ihnen genau das <strong>Fachpersonal<\/strong> zur Verf\u00fcgung zu stellen, das Sie tats\u00e4chlich ben\u00f6tigen. Gern besuchen wir Sie auch pers\u00f6nlich, um ein \u00dcbereinkommen zu erzielen und stellen Ihnen im Vorfeld geeignete Mitarbeiter vor.<\/p>\n<p>Um Ihnen Qualit\u00e4t bieten zu k\u00f6nnen, konzentrieren wir uns auf ausgew\u00e4hlte Segmente im Dienstleistungssektor. F\u00fcr folgende Branchen stellen wir Ihnen gern qualifiziertes Personal zur Verf\u00fcgung:<\/p>\n<p>Gewerbliche Dienstleistungen:<\/p>\n<ul>\n<li>Schienenfahrzeugbau \/ Schienenfahrzeuginstandhaltung<\/li>\n<li>Metall- und Stahlbau \/ Industriemontage<\/li>\n<li>Rohrleitungs- und Anlagenbau<\/li>\n<li>Elektro<\/li>\n<li>Maler-\/ Lackierhandwerk, Industrielackierer, KFZ-Lackierer<\/li>\n<li>Heizung \/ Sanit\u00e4r<\/li>\n<li>Gas-, Wasser-, Klimatechnik<\/li>\n<li>Lager \/ Logistik<\/li>\n<\/ul>\n<p>Pharmazeutischer Bereich<\/p>\n<ul>\n<li>Sichter, Abf\u00fcller<\/li>\n<li>Maschinen- und Anlagenbediener<\/li>\n<li>Medizinischer Bereich\/Pflege<\/li>\n<\/ul>\n","protected":false},"excerpt":{"rendered":"<p>Wir m\u00f6chten unseren Kunden einen ganz besonderen Service bieten. Dies gelingt nur, wenn man Fachmann in seinem Metier ist. Uns ist eine konkrete Absprache \u00fcber zu verrichtende T\u00e4tigkeiten sehr wichtig, um Ihnen genau das Fachpersonal zur Verf\u00fcgung zu stellen, das Sie tats\u00e4chlich ben\u00f6tigen. Gern besuchen wir Sie auch pers\u00f6nlich, um ein \u00dcbereinkommen zu erzielen und [&hellip;]<\/p>\n","protected":false},"author":1,"featured_media":0,"parent":0,"menu_order":0,"comment_status":"closed","ping_status":"open","template":"","meta":{"footnotes":""},"class_list":["post-25","page","type-page","status-publish","hentry"],"_links":{"self":[{"href":"https:\/\/www.pemac-dessau.de\/wordpress\/index.php?rest_route=\/wp\/v2\/pages\/25","targetHints":{"allow":["GET"]}}],"collection":[{"href":"https:\/\/www.pemac-dessau.de\/wordpress\/index.php?rest_route=\/wp\/v2\/pages"}],"about":[{"href":"https:\/\/www.pemac-dessau.de\/wordpress\/index.php?rest_route=\/wp\/v2\/types\/page"}],"author":[{"embeddable":true,"href":"https:\/\/www.pemac-dessau.de\/wordpress\/index.php?rest_route=\/wp\/v2\/users\/1"}],"replies":[{"embeddable":true,"href":"https:\/\/www.pemac-dessau.de\/wordpress\/index.php?rest_route=%2Fwp%2Fv2%2Fcomments&post=25"}],"version-history":[{"count":5,"href":"https:\/\/www.pemac-dessau.de\/wordpress\/index.php?rest_route=\/wp\/v2\/pages\/25\/revisions"}],"predecessor-version":[{"id":1832,"href":"https:\/\/www.pemac-dessau.de\/wordpress\/index.php?rest_route=\/wp\/v2\/pages\/25\/revisions\/1832"}],"wp:attachment":[{"href":"https:\/\/www.pemac-dessau.de\/wordpress\/index.php?rest_route=%2Fwp%2Fv2%2Fmedia&parent=25"}],"curies":[{"name":"wp","href":"https:\/\/api.w.org\/{rel}","templated":true}]}}