{"id":28,"date":"2015-04-16T07:42:43","date_gmt":"2015-04-16T07:42:43","guid":{"rendered":"http:\/\/www.pemac-dessau.de\/wordpress\/?page_id=28"},"modified":"2021-02-17T11:46:58","modified_gmt":"2021-02-17T11:46:58","slug":"ihre-vorteile","status":"publish","type":"page","link":"https:\/\/www.pemac-dessau.de\/wordpress\/?page_id=28","title":{"rendered":"Ihre Vorteile"},"content":{"rendered":"<p>Jedes Unternehmen steht heutzutage in einem hart umk\u00e4mpften Wettbewerb. Je nach Wirtschafts- und Auftragslage \u00e4ndert sich auch dessen <strong>Personalbedarf<\/strong>. \u00a0Zeitarbeit hat sich l\u00e4ngst als ein strategisches Instrument etabliert, dieses variierende Arbeitsvolumen zu steuern.<img loading=\"lazy\" decoding=\"async\" id=\"ext-gen4678\" class=\" alignleft\" title=\"Aussagekr\u00e4ftige Argumente f\u00fcr eine gute Zusammenarbeit\" src=\"http:\/\/pemac-dessau.de\/attachments\/Image\/handshake2_1.jpg?template=generic&amp;header=headers1&amp;button=buttons1\" alt=\"Handschlag\" width=\"220\" height=\"167\" \/><\/p>\n<p>In Zeiten von Personalmangel, Personalausf\u00e4llen oder saisonalen Spitzen bieten wir unseren Kunden die M\u00f6glichkeit, \u00a0vor\u00fcbergehende Engp\u00e4sse zu bew\u00e4ltigen. Dies verschafft Ihnen Flexibilit\u00e4t und Handlungsspielr\u00e4ume, ganz ohne \u00a0Arbeitgeberrisiko f\u00fcr Sie.<\/p>\n<h3><\/h3>\n<h3><\/h3>\n<h3>Der Einsatz von Zeitpersonal bietet f\u00fcr Sie als Unternehmer entscheidende Vorz\u00fcge:<\/h3>\n<ul>\n<li>Entlastung Ihres Stammpersonals<\/li>\n<li>Abfederung von Auftragsspitzen<\/li>\n<li>St\u00f6rungsfreier betrieblicher Ablauf<\/li>\n<li>Keine Lohnnebenkosten<\/li>\n<li>Bezahlung nur tats\u00e4chlich geleisteter Arbeitsstunden<\/li>\n<\/ul>\n<p>Unsere Serviceleistungen umfassen neben der klassischen Zeitarbeit auch\u00a0<strong>Outsourcing<\/strong>, <strong>On-Sight Management<\/strong> und die <strong>Personalvermittlung<\/strong>. Entsprechend Ihrem Unternehmensprofil entwickeln wir die f\u00fcr Sie wirtschaftlichste L\u00f6sung.<\/p>\n","protected":false},"excerpt":{"rendered":"<p>Jedes Unternehmen steht heutzutage in einem hart umk\u00e4mpften Wettbewerb. Je nach Wirtschafts- und Auftragslage \u00e4ndert sich auch dessen Personalbedarf. \u00a0Zeitarbeit hat sich l\u00e4ngst als ein strategisches Instrument etabliert, dieses variierende Arbeitsvolumen zu steuern. In Zeiten von Personalmangel, Personalausf\u00e4llen oder saisonalen Spitzen bieten wir unseren Kunden die M\u00f6glichkeit, \u00a0vor\u00fcbergehende Engp\u00e4sse zu bew\u00e4ltigen. Dies verschafft Ihnen Flexibilit\u00e4t [&hellip;]<\/p>\n","protected":false},"author":1,"featured_media":0,"parent":0,"menu_order":0,"comment_status":"closed","ping_status":"open","template":"","meta":{"footnotes":""},"_links":{"self":[{"href":"https:\/\/www.pemac-dessau.de\/wordpress\/index.php?rest_route=\/wp\/v2\/pages\/28"}],"collection":[{"href":"https:\/\/www.pemac-dessau.de\/wordpress\/index.php?rest_route=\/wp\/v2\/pages"}],"about":[{"href":"https:\/\/www.pemac-dessau.de\/wordpress\/index.php?rest_route=\/wp\/v2\/types\/page"}],"author":[{"embeddable":true,"href":"https:\/\/www.pemac-dessau.de\/wordpress\/index.php?rest_route=\/wp\/v2\/users\/1"}],"replies":[{"embeddable":true,"href":"https:\/\/www.pemac-dessau.de\/wordpress\/index.php?rest_route=%2Fwp%2Fv2%2Fcomments&post=28"}],"version-history":[{"count":11,"href":"https:\/\/www.pemac-dessau.de\/wordpress\/index.php?rest_route=\/wp\/v2\/pages\/28\/revisions"}],"predecessor-version":[{"id":1554,"href":"https:\/\/www.pemac-dessau.de\/wordpress\/index.php?rest_route=\/wp\/v2\/pages\/28\/revisions\/1554"}],"wp:attachment":[{"href":"https:\/\/www.pemac-dessau.de\/wordpress\/index.php?rest_route=%2Fwp%2Fv2%2Fmedia&parent=28"}],"curies":[{"name":"wp","href":"https:\/\/api.w.org\/{rel}","templated":true}]}}