{"id":31,"date":"2015-04-16T07:43:35","date_gmt":"2015-04-16T07:43:35","guid":{"rendered":"http:\/\/www.pemac-dessau.de\/wordpress\/?page_id=31"},"modified":"2017-01-26T07:23:01","modified_gmt":"2017-01-26T07:23:01","slug":"bewerbercenter","status":"publish","type":"page","link":"https:\/\/www.pemac-dessau.de\/wordpress\/?page_id=31","title":{"rendered":"Bewerbercenter"},"content":{"rendered":"<div id=\"widget-061bbae9-7fcb-cb82-1916-e257d684786d\" class=\"widget widget-text\">\n<div class=\"widget-content\">\n<h2><a href=\"http:\/\/www.pemac-dessau.de\/wordpress\/wp-content\/uploads\/2015\/04\/Bewerbercenter.pdf\">Bewerbercenter<\/a><img loading=\"lazy\" decoding=\"async\" class=\"\" src=\"http:\/\/pemac-dessau.de\/attachments\/Image\/BC1.png?template=generic&amp;header=headers1&amp;button=buttons1&amp;.png\" alt=\"\" width=\"922\" height=\"434\" \/><\/h2>\n<p>&nbsp;<\/p>\n<p>&nbsp;<\/p>\n<p><span style=\"color: #0000ff; font-size: 18pt;\">SIE SUCHEN EINE NEUE ZUKUNFT???<\/span><\/p>\n<p>In unserem BEWERBERCENTER unterst\u00fctzen wir Sie bei Ihren Bewerbungsaktivit\u00e4ten.Nur eine professionelle Bewerbung bringt auch Erfolg! Diese sollte nicht nur zu Ihnen und Ihrem Typ passen, sondern auch zu dem k\u00fcnftigen Job &#8211; sowohl vom Layout, als auch vom Inhalt!Rechtschreib- und Formulierungsfehler sind ein absolutes No go! Sie sind unsicher oder es fehlt einfach die Zeit??? Wir helfen Ihnen!!! Sichern Sie sich einen Beratungstermin.Wir optimieren Ihre vorhandene Bewerbung, bzw. schreiben Ihnen diese komplett neu.<\/p>\n<p>In Einzelcoachings finden wir heraus, wohin Ihr Weg Sie f\u00fchren kann und soll. <span style=\"color: #ff0000;\">J\u00e4hrlich \u00fcber 54% Studienabbrecher und \u00fcber 24% Ausbildungsabbrecher<\/span> &#8211; Tendenz steigend!!!! Das muss nicht sein. Anhand eines speziellen Testverfahrens erhalten Sie bis zu 10 Berufswahlangebote. Die Inhalte der Berufe und ob diese tats\u00e4chlich zu Ihnen passen, gilt es herauszufinden. Wir zeigen Ihnen den Weg!<\/p>\n<p>Wir bereiten Sie auf Ihr Vorstellungsgepr\u00e4ch vor &#8211; Sie haben nur die eine Chance!<\/p>\n<p><strong>WIR BRINGEN SIE AUF DEN WEG!<\/strong><\/p>\n<p>Was unterscheidet uns von vielen Anbietern???<\/p>\n<p>Die <span style=\"color: #ff0000;\">Individuallit\u00e4t<\/span> &#8211; testen Sie uns!<\/p>\n<\/div>\n<p><span style=\"font-size: 24pt; color: #ff0000;\">Tel.:0340 53292225 <\/span><\/p>\n<p><span style=\"font-size: 24pt; color: #ff0000;\">Mail: bewerbercenter@pemac-dessau.de<\/span><\/p>\n<\/div>\n<div id=\"widget-6af5c82a-fe03-23ca-3ee5-7e4268db752d\" class=\"widget widget-text\">\n<div class=\"widget-content\">\n<p><span style=\"color: #0000ff; font-size: 14pt;\">UNTERNEHMEN<\/span> unterst\u00fctzen wir auf dem Weg, das richtige Peronal zu finden.<\/p>\n<p>In speziellen, genau auf das Unternehmen und das Berufsbild abgestimmtenASSESSEMENT CENTERN, finden wir Ihr neues Team.<\/p>\n<p>Sprechen Sie uns an!<\/p>\n<\/div>\n<\/div>\n<p>&nbsp;<\/p>\n<p><em><strong>SIE WOLLEN SICH VER\u00c4NDERN, ABER IHNEN FEHLT DIE ZEIT???? WIR HELFEN IHNEN!!!!<\/strong><\/em><\/p>\n<p class=\"hide-if-no-js\"><a id=\"set-post-thumbnail\" class=\"thickbox\" href=\"http:\/\/www.pemac-dessau.de\/wordpress\/wp-admin\/media-upload.php?post_id=31&amp;type=image&amp;TB_iframe=1\"><img loading=\"lazy\" decoding=\"async\" class=\"attachment-266x266 size-266x266\" src=\"http:\/\/www.pemac-dessau.de\/wordpress\/wp-content\/uploads\/2015\/04\/Werbung_EmailService_001.jpg\" sizes=\"(max-width: 188px) 100vw, 188px\" srcset=\"http:\/\/www.pemac-dessau.de\/wordpress\/wp-content\/uploads\/2015\/04\/Werbung_EmailService_001.jpg 595w, http:\/\/www.pemac-dessau.de\/wordpress\/wp-content\/uploads\/2015\/04\/Werbung_EmailService_001-212x300.jpg 212w\" alt=\"\" width=\"188\" height=\"266\" \/><\/a><\/p>\n<div id=\"widget-6af5c82a-fe03-23ca-3ee5-7e4268db752d\" class=\"widget widget-text\">\n<div class=\"widget-content\">\n<p><img loading=\"lazy\" decoding=\"async\" class=\"alignleft\" src=\"http:\/\/pemac-dessau.de\/attachments\/Image\/Bewerberservice_Preisliste.jpg?template=generic&amp;header=headers1&amp;button=buttons1\" alt=\"\" width=\"711\" height=\"1124\" \/><\/p>\n<p class=\"hide-if-no-js\">\n<\/div>\n<\/div>\n","protected":false},"excerpt":{"rendered":"<p>Bewerbercenter &nbsp; &nbsp; SIE SUCHEN EINE NEUE ZUKUNFT??? In unserem BEWERBERCENTER unterst\u00fctzen wir Sie bei Ihren Bewerbungsaktivit\u00e4ten.Nur eine professionelle Bewerbung bringt auch Erfolg! Diese sollte nicht nur zu Ihnen und Ihrem Typ passen, sondern auch zu dem k\u00fcnftigen Job &#8211; sowohl vom Layout, als auch vom Inhalt!Rechtschreib- und Formulierungsfehler sind ein absolutes No go! Sie [&hellip;]<\/p>\n","protected":false},"author":1,"featured_media":409,"parent":0,"menu_order":0,"comment_status":"closed","ping_status":"open","template":"","meta":{"footnotes":""},"_links":{"self":[{"href":"https:\/\/www.pemac-dessau.de\/wordpress\/index.php?rest_route=\/wp\/v2\/pages\/31"}],"collection":[{"href":"https:\/\/www.pemac-dessau.de\/wordpress\/index.php?rest_route=\/wp\/v2\/pages"}],"about":[{"href":"https:\/\/www.pemac-dessau.de\/wordpress\/index.php?rest_route=\/wp\/v2\/types\/page"}],"author":[{"embeddable":true,"href":"https:\/\/www.pemac-dessau.de\/wordpress\/index.php?rest_route=\/wp\/v2\/users\/1"}],"replies":[{"embeddable":true,"href":"https:\/\/www.pemac-dessau.de\/wordpress\/index.php?rest_route=%2Fwp%2Fv2%2Fcomments&post=31"}],"version-history":[{"count":18,"href":"https:\/\/www.pemac-dessau.de\/wordpress\/index.php?rest_route=\/wp\/v2\/pages\/31\/revisions"}],"predecessor-version":[{"id":412,"href":"https:\/\/www.pemac-dessau.de\/wordpress\/index.php?rest_route=\/wp\/v2\/pages\/31\/revisions\/412"}],"wp:featuredmedia":[{"embeddable":true,"href":"https:\/\/www.pemac-dessau.de\/wordpress\/index.php?rest_route=\/wp\/v2\/media\/409"}],"wp:attachment":[{"href":"https:\/\/www.pemac-dessau.de\/wordpress\/index.php?rest_route=%2Fwp%2Fv2%2Fmedia&parent=31"}],"curies":[{"name":"wp","href":"https:\/\/api.w.org\/{rel}","templated":true}]}}