{"id":37,"date":"2015-04-16T07:46:40","date_gmt":"2015-04-16T07:46:40","guid":{"rendered":"http:\/\/www.pemac-dessau.de\/wordpress\/?page_id=37"},"modified":"2019-07-18T08:32:09","modified_gmt":"2019-07-18T08:32:09","slug":"kontakt","status":"publish","type":"page","link":"https:\/\/www.pemac-dessau.de\/wordpress\/?page_id=37","title":{"rendered":"Kontakt"},"content":{"rendered":"<div id=\"widget-8cff7bba-e775-35ad-02c9-08bc75ce8cbc\" class=\"widget widget-text\">\n<div class=\"widget-content\">\n<p class=\"autor\"><span style=\"font-size: 14pt;\"><em><span class=\" link\">\u201eDas Einzige, was nicht kopierbar ist, sind die Beziehungen eines Unternehmens zu seinen Mitarbeitern und die Beziehungen der Mitarbeiter zu ihren Kunden!\u201c<\/span><\/em><\/span><\/p>\n<p class=\"autor\"><span style=\"font-size: 8pt;\">Klaus Kobjoll<\/span><\/p>\n<p><span style=\"font-size: 24pt;\"><strong>Unser PEMAC &#8211; Team:<\/strong><\/span><\/p>\n<\/div>\n<\/div>\n<div id=\"widget-3c3522f2-7389-7b18-d436-e3051ab86726\">\n<p><a title=\"Beitragsbild festlegen\" href=\"http:\/\/www.pemac-dessau.de\/wordpress\/wp-admin\/media-upload.php?post_id=37&amp;type=image&amp;TB_iframe=1\"><img loading=\"lazy\" decoding=\"async\" src=\"http:\/\/www.pemac-dessau.de\/wordpress\/wp-content\/uploads\/2015\/04\/Foto_Schulschenk.jpg\" alt=\"Foto_Schulschenk\" width=\"171\" height=\"234\" \/><\/a><\/p>\n<div>Annette Schulschenk, Gesch\u00e4ftsf\u00fchrende Gesellschafterin<\/div>\n<div>Tel.:\u00a0 0340 532922 20, Mail: info@pemac-dessau.de<\/div>\n<div><\/div>\n<\/div>\n<div id=\"widget-3c3522f2-7389-7b18-d436-e3051ab86726\">\n<hr \/>\n<\/div>\n<div><\/div>\n<div><\/div>\n<div id=\"widget-3c3522f2-7389-7b18-d436-e3051ab86726\">\n<h3>Recruiting und Personaldisposition<\/h3>\n<\/div>\n<div><\/div>\n<div>Unser erfahrenes Recruiting-\u00a0 und Disponententeam steht unseren Kunden zur schnellen unkomplizierten Absicherung von Auftragsspitzen jederzeit zur Verf\u00fcgung. Sprechen Sie uns an!<\/div>\n<div>Auch f\u00fcr Bewerbungen und zur aktiven Stellensuche stehen wir unseren Bewerbern schnell und kompetent zur Seite.<\/div>\n<div><\/div>\n<div><\/div>\n<div>Tel.:\u00a0 0340 532922 24, Mail: personaldisposition@pemac-dessau.de<\/div>\n<div><\/div>\n<div>Tel.:\u00a0 0340 532922 23, Mail: disposition@pemac-dessau.de<\/div>\n<div>\n<hr \/>\n<\/div>\n<div><\/div>\n<div>\n<h3>\u00a0Personalsachbearbeitung<\/h3>\n<\/div>\n<div>\n<div><\/div>\n<div>Personalsachbearbeitung, Lohnabrechnung<\/div>\n<div>Tel.:\u00a0 0340 532922 20, Mail: info@pemac-dessau.de<\/div>\n<div><\/div>\n<div><\/div>\n<\/div>\n<div id=\"widget-3c3522f2-7389-7b18-d436-e3051ab86726\" class=\"widget widget-text\">\n<div class=\"widget-content\">\n<div>\n<hr \/>\n<\/div>\n<\/div>\n<\/div>\n<div><\/div>\n<div>\n<h3>Bewerber &#8211; Center<\/h3>\n<\/div>\n<div>\n<div><\/div>\n<div>\n<div>Annette Schulschenk, Bewerbercoach<\/div>\n<div>Tel.:\u00a0 0340 532922 25, Mail: bewerbercenter@pemac-dessau.de<\/div>\n<\/div>\n<div><\/div>\n<div><\/div>\n<\/div>\n<div id=\"widget-3c3522f2-7389-7b18-d436-e3051ab86726\" class=\"widget widget-text\">\n<div class=\"widget-content\">\n<div class=\"widget-content\">\n<hr \/>\n<\/div>\n<div><\/div>\n<div><\/div>\n<div><span style=\"font-size: 14pt;\"><em>Gesetzestreue, tarifkonformes Arbeiten und Fairness stehen bei uns im Mittelpunkt.Wir bieten Ihnen den Rahmen f\u00fcr ein sorgenfreies Arbeitsleben und Ihre positive pers\u00f6nliche Entwicklung.Wir verstehen, f\u00f6rdern und achten Sie als unsere Partner.Sprechen Sie uns an!<\/em><\/span><\/div>\n<p>PEMAC GmbH<\/p>\n<p>PErsonal MAnagement Consulting GmbH<\/p>\n<p>Stiftstr. 12, 06844 Dessau &#8211; Ro\u00dflau<\/p>\n<p>e-Mail: <a href=\"mailto:info@pemac-dessau.de\">info@pemac-dessau.de<\/a><\/p>\n<p>Telefon: (0340) 53292220<\/p>\n<p>Telefax: (0340) 53292221<\/p>\n<\/div>\n<\/div>\n","protected":false},"excerpt":{"rendered":"<p>\u201eDas Einzige, was nicht kopierbar ist, sind die Beziehungen eines Unternehmens zu seinen Mitarbeitern und die Beziehungen der Mitarbeiter zu ihren Kunden!\u201c Klaus Kobjoll Unser PEMAC &#8211; Team: Annette Schulschenk, Gesch\u00e4ftsf\u00fchrende Gesellschafterin Tel.:\u00a0 0340 532922 20, Mail: info@pemac-dessau.de Recruiting und Personaldisposition Unser erfahrenes Recruiting-\u00a0 und Disponententeam steht unseren Kunden zur schnellen unkomplizierten Absicherung von Auftragsspitzen [&hellip;]<\/p>\n","protected":false},"author":1,"featured_media":319,"parent":0,"menu_order":0,"comment_status":"closed","ping_status":"open","template":"","meta":{"footnotes":""},"class_list":["post-37","page","type-page","status-publish","has-post-thumbnail","hentry"],"_links":{"self":[{"href":"https:\/\/www.pemac-dessau.de\/wordpress\/index.php?rest_route=\/wp\/v2\/pages\/37","targetHints":{"allow":["GET"]}}],"collection":[{"href":"https:\/\/www.pemac-dessau.de\/wordpress\/index.php?rest_route=\/wp\/v2\/pages"}],"about":[{"href":"https:\/\/www.pemac-dessau.de\/wordpress\/index.php?rest_route=\/wp\/v2\/types\/page"}],"author":[{"embeddable":true,"href":"https:\/\/www.pemac-dessau.de\/wordpress\/index.php?rest_route=\/wp\/v2\/users\/1"}],"replies":[{"embeddable":true,"href":"https:\/\/www.pemac-dessau.de\/wordpress\/index.php?rest_route=%2Fwp%2Fv2%2Fcomments&post=37"}],"version-history":[{"count":53,"href":"https:\/\/www.pemac-dessau.de\/wordpress\/index.php?rest_route=\/wp\/v2\/pages\/37\/revisions"}],"predecessor-version":[{"id":1178,"href":"https:\/\/www.pemac-dessau.de\/wordpress\/index.php?rest_route=\/wp\/v2\/pages\/37\/revisions\/1178"}],"wp:featuredmedia":[{"embeddable":true,"href":"https:\/\/www.pemac-dessau.de\/wordpress\/index.php?rest_route=\/wp\/v2\/media\/319"}],"wp:attachment":[{"href":"https:\/\/www.pemac-dessau.de\/wordpress\/index.php?rest_route=%2Fwp%2Fv2%2Fmedia&parent=37"}],"curies":[{"name":"wp","href":"https:\/\/api.w.org\/{rel}","templated":true}]}}