{"id":40,"date":"2015-04-16T07:47:03","date_gmt":"2015-04-16T07:47:03","guid":{"rendered":"http:\/\/www.pemac-dessau.de\/wordpress\/?page_id=40"},"modified":"2018-04-16T12:40:02","modified_gmt":"2018-04-16T12:40:02","slug":"impressum","status":"publish","type":"page","link":"https:\/\/www.pemac-dessau.de\/wordpress\/?page_id=40","title":{"rendered":"Impressum"},"content":{"rendered":"<h3>Angaben gem\u00e4\u00df \u00a7 5 TMG:<\/h3>\n<p>PEMAC GmbH<br \/>\nStiftstr. 12<br \/>\n06844 Dessau<\/p>\n<h3>Vertreten durch:<\/h3>\n<p>Frau <span style=\"color: #0000ff;\">Annette Schulschenk<\/span> (Gesch\u00e4ftsf\u00fchrende Gesellschafterin)<\/p>\n<p>Kontakt:<\/p>\n<p>Telefon: +49 (0)340 53 2922 20<\/p>\n<p>Telefax: +49 (0)340 53 2922 21<\/p>\n<p>E-Mail: info@pemac-dessau.de<\/p>\n<h3>Registereintrag:<\/h3>\n<p>Eintragung im Handelsregister.<br \/>\nRegistergericht:Stendal<br \/>\nRegisternummer: HRB18899<\/p>\n<h3>Umsatzsteuer-ID:<\/h3>\n<p>Umsatzsteuer-Identifikationsnummer gem\u00e4\u00df \u00a727 a Umsatzsteuergesetz:<br \/>\nDE 286354417<\/p>\n<h3>Aufsichtsbeh\u00f6rde:<\/h3>\n<p>Bundesagentur f\u00fcr Arbeit; Regionaldirektion Kiel<\/p>\n<h3>Haftungsausschluss:<\/h3>\n<p><strong>Haftung f\u00fcr Inhalte<\/strong><\/p>\n<p>Die Inhalte unserer Seiten wurden mit gr\u00f6\u00dfter Sorgfalt erstellt. F\u00fcr die Richtigkeit, Vollst\u00e4ndigkeit und Aktualit\u00e4t der Inhalte k\u00f6nnen wir jedoch keine Gew\u00e4hr \u00fcbernehmen. Als Diensteanbieter sind wir gem\u00e4\u00df \u00a7 7 Abs.1 TMG f\u00fcr eigene Inhalte auf diesen Seiten nach den allgemeinen Gesetzen verantwortlich. Nach \u00a7\u00a7 8 bis 10 TMG sind wir als Dienstanbieter jedoch nicht verpflichtet, \u00fcbermittelte oder gespeicherte fremde Informationen zu \u00fcberwachen oder nach Umst\u00e4nden zu forschen, die auf eine rechtswidrige T\u00e4tigkeit hinweisen. Verpflichtungen zur Entfernung oder Sperrung der Nutzung von Informationen nach den allgemeinen Gesetzen bleiben hiervon unber\u00fchrt. Eine diesbez\u00fcgliche Haftung ist jedoch erst ab dem Zeitpunkt der Kenntnis einer konkreten Rechtsverletzung m\u00f6glich. Bei Bekanntwerden von entsprechenden Rechtsverletzungen werden wir diese Inhalte umgehend entfernen.<\/p>\n<p><strong>Haftung f\u00fcr Links<\/strong><\/p>\n<p>Unser Angebot enth\u00e4lt Links zu externen Webseiten Dritter, auf deren Inhalte wir keinen Einfluss haben. Deshalb k\u00f6nnen wir f\u00fcr diese fremden Inhalte auch keine Gew\u00e4hr \u00fcbernehmen. F\u00fcr die Inhalte der verlinkten Seiten ist stets der jeweilige Anbieter oder Betreiber der Seiten verantwortlich. Die verlinkten Seiten wurden zum Zeitpunkt der Verlinkung auf m\u00f6gliche Rechtsverst\u00f6\u00dfe \u00fcberpr\u00fcft. Rechtswidrige Inhalte waren zum Zeitpunkt der Verlinkung nicht erkennbar. Eine permanente inhaltliche Kontrolle der verlinkten Seiten ist jedoch ohne konkrete Anhaltspunkte einer Rechtsverletzung nicht zumutbar. Bei Bekanntwerden von Rechtsverletzungen werden wir derartige Links umgehend entfernen.<\/p>\n<p><strong>Urheberrecht<\/strong><\/p>\n<p>Die durch die Seitenbetreiber erstellten Inhalte und Werke auf diesen Seiten unterliegen dem deutschen Urheberrecht. Die Vervielf\u00e4ltigung, Bearbeitung, Verbreitung und jede Art der Verwertung au\u00dferhalb der Grenzen des Urheberrechtes bed\u00fcrfen der schriftlichen Zustimmung des jeweiligen Autors bzw. Erstellers. Downloads und Kopien dieser Seite sind nur f\u00fcr den privaten, nicht kommerziellen Gebrauch gestattet. Soweit die Inhalte auf dieser Seite nicht vom Betreiber erstellt wurden, werden die Urheberrechte Dritter beachtet. Insbesondere werden Inhalte Dritter als solche gekennzeichnet. Sollten Sie trotzdem auf eine Urheberrechtsverletzung aufmerksam werden, bitten wir um einen entsprechenden Hinweis. Bei Bekanntwerden von Rechtsverletzungen werden wir derartige Inhalte umgehend entfernen.<\/p>\n<p><strong>Datenschutz<\/strong><\/p>\n<p>Die Betreiber dieser Seiten nehmen den Schutz Ihrer pers\u00f6nlichen Daten sehr ernst. Wir behandeln Ihre personenbezogenen Daten vertraulich und entsprechend der gesetzlichen Datenschutzvorschriften sowie dieser Datenschutzerkl\u00e4rung.<\/p>\n<p>Daten werden bei uns ausschlie\u00dflich zweckgebunden verwendet, verarbeitet und gespeichert. Eine Weitergabe Ihrer Daten an Dritte erfolgt nicht ohne Ihre pers\u00f6nliche Einwilligung, sofern dies nicht zur Erbringung der Dienstleistung oder zur Vertragsdurchf\u00fchrung notwendig ist. Auch die \u00dcbermittlung an auskunftsberechtigte staatliche Institutionen und Beh\u00f6rden erfolgt nur im Rahmen der gesetzlichen Auskunftspflichten oder wenn wir durch eine gerichtliche Entscheidung zur Auskunft verpflichtet werden.<\/p>\n<p>Die Nutzung unserer Webseite ist in der Regel ohne Angabe personenbezogener Daten m\u00f6glich. Soweit auf unseren Seiten personenbezogene Daten (beispielsweise Name, Anschrift oder eMail-Adressen) erhoben werden, erfolgt dies, soweit m\u00f6glich, stets auf freiwilliger Basis. Diese Daten werden ohne Ihre ausdr\u00fcckliche Zustimmung nicht an Dritte weitergegeben.<\/p>\n<p>Wir weisen darauf hin, dass die Daten\u00fcbertragung im Internet (z.B. bei der Kommunikation per E-Mail) Sicherheitsl\u00fccken aufweisen kann. Ein l\u00fcckenloser Schutz der Daten vor dem Zugriff durch Dritte ist nicht m\u00f6glich.<\/p>\n<p>Der Nutzung von im Rahmen der Impressumspflicht ver\u00f6ffentlichten Kontaktdaten durch Dritte zur \u00dcbersendung von nicht ausdr\u00fccklich angeforderter Werbung und Informationsmaterialien wird hiermit ausdr\u00fccklich widersprochen. Die Betreiber der Seiten behalten sich ausdr\u00fccklich rechtliche Schritte im Falle der unverlangten Zusendung von Werbeinformationen, etwa durch Spam-Mails, vor.<\/p>\n<p><strong>Bildquellen<\/strong><\/p>\n<p>Teaser: aboutpixel.de \/ Chilen BW-Version \u00a9 Thomas Pieruschek<\/p>\n<p>Home: aboutpixel.de \/ WelCOME \u00a9 Sven Schneider<\/p>\n<p>Bewerber &#8211; Ihre Chance: aboutpixel.de \/ gipfelst\u00fcrmer \u00a9 walter dannehl<\/p>\n<p>Bewerber &#8211; Ihr Profil: aboutpixel.de \/ Zeigefinger \u00a9 Kristina Kittlaus<\/p>\n<p>Unternehmen &#8211; Ihre Vorteile: aboutpixel.de \/ handshake07 \u00a9 Sven Brentrup<\/p>\n<p>Unternehmen &#8211; Branchen: aboutpixel.de \/ lost in nature1 \u00a9 jonathan spielbrink<\/p>\n<p>&nbsp;<\/p>\n<p>Technische Betreuung:<\/p>\n<p>The Computer Factory<\/p>\n<p>Daniel Stange<\/p>\n<p>K\u00f6rnerstr. 4<\/p>\n<p>06844 Dessau &#8211; Ro\u00dflau<\/p>\n","protected":false},"excerpt":{"rendered":"<p>Angaben gem\u00e4\u00df \u00a7 5 TMG: PEMAC GmbH Stiftstr. 12 06844 Dessau Vertreten durch: Frau Annette Schulschenk (Gesch\u00e4ftsf\u00fchrende Gesellschafterin) Kontakt: Telefon: +49 (0)340 53 2922 20 Telefax: +49 (0)340 53 2922 21 E-Mail: info@pemac-dessau.de Registereintrag: Eintragung im Handelsregister. Registergericht:Stendal Registernummer: HRB18899 Umsatzsteuer-ID: Umsatzsteuer-Identifikationsnummer gem\u00e4\u00df \u00a727 a Umsatzsteuergesetz: DE 286354417 Aufsichtsbeh\u00f6rde: Bundesagentur f\u00fcr Arbeit; Regionaldirektion Kiel Haftungsausschluss: [&hellip;]<\/p>\n","protected":false},"author":1,"featured_media":0,"parent":0,"menu_order":0,"comment_status":"closed","ping_status":"open","template":"","meta":{"footnotes":""},"class_list":["post-40","page","type-page","status-publish","hentry"],"_links":{"self":[{"href":"https:\/\/www.pemac-dessau.de\/wordpress\/index.php?rest_route=\/wp\/v2\/pages\/40","targetHints":{"allow":["GET"]}}],"collection":[{"href":"https:\/\/www.pemac-dessau.de\/wordpress\/index.php?rest_route=\/wp\/v2\/pages"}],"about":[{"href":"https:\/\/www.pemac-dessau.de\/wordpress\/index.php?rest_route=\/wp\/v2\/types\/page"}],"author":[{"embeddable":true,"href":"https:\/\/www.pemac-dessau.de\/wordpress\/index.php?rest_route=\/wp\/v2\/users\/1"}],"replies":[{"embeddable":true,"href":"https:\/\/www.pemac-dessau.de\/wordpress\/index.php?rest_route=%2Fwp%2Fv2%2Fcomments&post=40"}],"version-history":[{"count":5,"href":"https:\/\/www.pemac-dessau.de\/wordpress\/index.php?rest_route=\/wp\/v2\/pages\/40\/revisions"}],"predecessor-version":[{"id":640,"href":"https:\/\/www.pemac-dessau.de\/wordpress\/index.php?rest_route=\/wp\/v2\/pages\/40\/revisions\/640"}],"wp:attachment":[{"href":"https:\/\/www.pemac-dessau.de\/wordpress\/index.php?rest_route=%2Fwp%2Fv2%2Fmedia&parent=40"}],"curies":[{"name":"wp","href":"https:\/\/api.w.org\/{rel}","templated":true}]}}