{"id":7,"date":"2015-04-16T07:28:30","date_gmt":"2015-04-16T07:28:30","guid":{"rendered":"http:\/\/www.pemac-dessau.de\/wordpress\/?page_id=7"},"modified":"2016-02-24T13:32:30","modified_gmt":"2016-02-24T13:32:30","slug":"ihre-chance","status":"publish","type":"page","link":"https:\/\/www.pemac-dessau.de\/wordpress\/?page_id=7","title":{"rendered":"Ihre Chance"},"content":{"rendered":"<p>Sie suchen einen Arbeitsplatz?<\/p>\n<p>Sie m\u00f6chten sich beruflich ver\u00e4ndern?<\/p>\n<p>Sie sind Berufsanf\u00e4nger und m\u00f6chten Erfahrung sammeln?<\/p>\n<p>Egal, ob Quereinsteiger, Neueinsteiger oder Wiedereinsteiger &#8211; Zeitarbeit bietet Ihnen die M\u00f6glichkeit Ihre beruflichen Ziele umzusetzen. Als <strong>Arbeitnehmer <\/strong>kn\u00fcpfen Sie Kontakte mit Unternehmen und sammeln individuelle Erfahrungen in unterschiedlichen Branchen. Ob Sie nun Zeitarbeit zur \u00dcberbr\u00fcckung oder als Sprungbrett in die Festanstellung nutzen- Ihre gewonnenen vielf\u00e4ltigen Erfahrungen wirken sich in jedem Fall positiv auf Ihren Werdegang aus.<\/p>\n<p>&nbsp;<\/p>\n<p>Ihre beruflichen Aussichten zusammengefasst:<\/p>\n<ul>\n<li>\u00a0Weg aus der Arbeitslosigkeit<\/li>\n<li>\u00a0Sprungbrett in die Festanstellung<\/li>\n<li>\u00a0Berufs- und Lebenserfahrung gewinnen<\/li>\n<\/ul>\n<p>Neben der beruflichen Perspektive muss nat\u00fcrlich auch das Rundherum passen.<\/p>\n<p>Nach dem Prinzip <strong>\u201eGute Arbeit f\u00fcr gutes Geld\u201c<\/strong>\u00a0 entlohnen wir nach einem<br \/>\neinheitlichen Branchentarif. Der Job in einem Personalleasingunternehmen hat den<br \/>\nStellenwert eines ganz &#8222;normalen&#8220; Arbeitsverh\u00e4ltnisses.<\/p>\n<p>&nbsp;<\/p>\n<p>&nbsp;<\/p>\n<p>Die PEMAC als Arbeitgeber mit der unbefristeten Erlaubnis zur Arbeitnehmer\u00fcberlassung<br \/>\nbietet Ihnen dar\u00fcber hinaus ein \u00fcberdurchschnittlichesLeistungsangebot:<\/p>\n<ul>\n<li>Unbefristetes Arbeitsverh\u00e4ltnis (inkl. sozialversicherungsrechtlicher Absicherung)<\/li>\n<li>Flexible Vertragsgestaltung, Entlohnung nach Tarif (iGZ), \u00fcbertariflich und leistungsgerecht<\/li>\n<li>Gesetzlicher Urlaubsanspruch, Urlaubs- und Weihnachtsgeld<\/li>\n<li>Gesetzliche Zuschl\u00e4ge f\u00fcr Nacht-, Sonn- und Feiertagsarbeit<\/li>\n<li>Weiterbildungs- und Qualifizierungsm\u00f6glichkeiten<\/li>\n<li>Bereitstellung erforderlicher DIN genormter Arbeits- bzw. Schutzkleidung, sowie eine gro\u00dfe Auswahl an qualitativ hochwertigem Werkzeug<\/li>\n<li>Durchf\u00fchrung aller medizinisch notwendigen Vorsorgeuntersuchungen<\/li>\n<li>F\u00f6rderung des sozialen Miteinanders durch gemeinschaftliche Veranstaltungen<\/li>\n<\/ul>\n","protected":false},"excerpt":{"rendered":"<p>Sie suchen einen Arbeitsplatz? Sie m\u00f6chten sich beruflich ver\u00e4ndern? Sie sind Berufsanf\u00e4nger und m\u00f6chten Erfahrung sammeln? Egal, ob Quereinsteiger, Neueinsteiger oder Wiedereinsteiger &#8211; Zeitarbeit bietet Ihnen die M\u00f6glichkeit Ihre beruflichen Ziele umzusetzen. Als Arbeitnehmer kn\u00fcpfen Sie Kontakte mit Unternehmen und sammeln individuelle Erfahrungen in unterschiedlichen Branchen. Ob Sie nun Zeitarbeit zur \u00dcberbr\u00fcckung oder als Sprungbrett [&hellip;]<\/p>\n","protected":false},"author":1,"featured_media":0,"parent":0,"menu_order":0,"comment_status":"closed","ping_status":"open","template":"","meta":{"footnotes":""},"class_list":["post-7","page","type-page","status-publish","hentry"],"_links":{"self":[{"href":"https:\/\/www.pemac-dessau.de\/wordpress\/index.php?rest_route=\/wp\/v2\/pages\/7","targetHints":{"allow":["GET"]}}],"collection":[{"href":"https:\/\/www.pemac-dessau.de\/wordpress\/index.php?rest_route=\/wp\/v2\/pages"}],"about":[{"href":"https:\/\/www.pemac-dessau.de\/wordpress\/index.php?rest_route=\/wp\/v2\/types\/page"}],"author":[{"embeddable":true,"href":"https:\/\/www.pemac-dessau.de\/wordpress\/index.php?rest_route=\/wp\/v2\/users\/1"}],"replies":[{"embeddable":true,"href":"https:\/\/www.pemac-dessau.de\/wordpress\/index.php?rest_route=%2Fwp%2Fv2%2Fcomments&post=7"}],"version-history":[{"count":10,"href":"https:\/\/www.pemac-dessau.de\/wordpress\/index.php?rest_route=\/wp\/v2\/pages\/7\/revisions"}],"predecessor-version":[{"id":1176,"href":"https:\/\/www.pemac-dessau.de\/wordpress\/index.php?rest_route=\/wp\/v2\/pages\/7\/revisions\/1176"}],"wp:attachment":[{"href":"https:\/\/www.pemac-dessau.de\/wordpress\/index.php?rest_route=%2Fwp%2Fv2%2Fmedia&parent=7"}],"curies":[{"name":"wp","href":"https:\/\/api.w.org\/{rel}","templated":true}]}}